{"id":795,"date":"2024-08-30T14:47:06","date_gmt":"2024-08-30T12:47:06","guid":{"rendered":"https:\/\/efas.bertaeins.ch\/kampagnen-material\/"},"modified":"2025-06-20T14:26:07","modified_gmt":"2025-06-20T12:26:07","slug":"materiel-campagne","status":"publish","type":"page","link":"https:\/\/hev-senior.bertaeins.ch\/fr\/materiel-campagne\/","title":{"rendered":"Mat\u00e9riel de campagne"},"content":{"rendered":"\n<p class=\"is-style-lead-paragraph\">Soutenez, vous aussi, la suppression de la valeur locative injuste. Utilisez le mat\u00e9riel de campagne mis \u00e0 disposition et t\u00e9l\u00e9chargez-le. Le mat\u00e9riel en allemand et en italien est disponible en cliquant sur les abr\u00e9viations linguistiques en haut \u00e0 droite.<\/p>\n\n\n\n            <section class=\"download_block block-paddings\" id=\"\">\n            <div class=\"block-bg block-bg-white\" data-color=\"white\"><\/div>\n\n            <div class=\"download_block_content\">\n                <div class=\"title-block-wrapper scrollMagic-block visibleInBackend\" data-uid=\"69e612ec10c37\">\n                    \n                                            <h2 class=\"block-title \">Mat\u00e9riel de campagne \u00e0 t\u00e9l\u00e9charger<\/h2>\n                                    <\/div>\n\n                <div class=\"downloads-wrapper\">\n                    <div class=\"downloads\">\n                                                                                    <div href=\"https:\/\/hev-senior.bertaeins.ch\/wp-content\/uploads\/2025\/06\/socialmediakit-fr.zip\" class=\"download scrollMagic-block visibleInBackend \" data-uid=\"69e612ec10c3d\">\n                                    <div class=\"download-content-wrapper\">\n                                        <div class=\"download-image-wrapper\">\n                                                                                            <img decoding=\"async\" src=\"https:\/\/hev-senior.bertaeins.ch\/wp-content\/uploads\/2025\/06\/Social-Kit-1.png\" alt=\"Kit m\u00e9dias sociaux\" \/>\n                                                                                    <\/div>\n\n                                        <div class=\"download-text-wrapper\">\n                                                                                             <h3 class=\"small mb_0\">Kit m\u00e9dias sociaux<\/h3>\n                                             \n                                            \n                                            <div class=\"link-wrapper\">\n                                                <a href=\"https:\/\/hev-senior.bertaeins.ch\/wp-content\/uploads\/2025\/06\/socialmediakit-fr.zip\" download=\"\" class=\"primary-theme-btn\">Download<\/a>\n                                            <\/div>\n                                        <\/div>\n                                    <\/div>\n                                <\/div>\n                                                                                                                <div href=\"https:\/\/hev-senior.bertaeins.ch\/wp-content\/uploads\/2025\/06\/Signatur_E-Mail_Final-FR.png\" class=\"download scrollMagic-block visibleInBackend delay-1\" data-uid=\"69e612ec10c5e\">\n                                    <div class=\"download-content-wrapper\">\n                                        <div class=\"download-image-wrapper\">\n                                                                                            <img decoding=\"async\" src=\"https:\/\/hev-senior.bertaeins.ch\/wp-content\/uploads\/2025\/06\/Mailbanner_FR-1.png\" alt=\"banni\u00e8re de messagerie\" \/>\n                                                                                    <\/div>\n\n                                        <div class=\"download-text-wrapper\">\n                                                                                             <h3 class=\"small mb_0\">banni\u00e8re de messagerie<\/h3>\n                                             \n                                            \n                                            <div class=\"link-wrapper\">\n                                                <a href=\"https:\/\/hev-senior.bertaeins.ch\/wp-content\/uploads\/2025\/06\/Signatur_E-Mail_Final-FR.png\" download=\"\" class=\"primary-theme-btn\">Download<\/a>\n                                            <\/div>\n                                        <\/div>\n                                    <\/div>\n                                <\/div>\n                                                                                                                <div href=\"https:\/\/hev-senior.bertaeins.ch\/wp-content\/uploads\/2025\/06\/HEV_Powerpoint_FR.pdf\" class=\"download scrollMagic-block visibleInBackend \" data-uid=\"69e612ec10c67\">\n                                    <div class=\"download-content-wrapper\">\n                                        <div class=\"download-image-wrapper\">\n                                                                                            <img decoding=\"async\" src=\"https:\/\/hev-senior.bertaeins.ch\/wp-content\/uploads\/2025\/06\/Powerpoint_FR.png\" alt=\"Powerpoint\" \/>\n                                                                                    <\/div>\n\n                                        <div class=\"download-text-wrapper\">\n                                                                                             <h3 class=\"small mb_0\">Powerpoint<\/h3>\n                                             \n                                            \n                                            <div class=\"link-wrapper\">\n                                                <a href=\"https:\/\/hev-senior.bertaeins.ch\/wp-content\/uploads\/2025\/06\/HEV_Powerpoint_FR.pdf\" download=\"\" class=\"primary-theme-btn\">Download<\/a>\n                                            <\/div>\n                                        <\/div>\n                                    <\/div>\n                                <\/div>\n                                                                                                                <div href=\"https:\/\/hev-senior.bertaeins.ch\/wp-content\/uploads\/2025\/06\/20250617_ARGUMENTAIRE-VALEUR-LOCATIVE.pdf\" class=\"download scrollMagic-block visibleInBackend delay-1\" data-uid=\"69e612ec10c70\">\n                                    <div class=\"download-content-wrapper\">\n                                        <div class=\"download-image-wrapper\">\n                                                                                            <img decoding=\"async\" src=\"https:\/\/hev-senior.bertaeins.ch\/wp-content\/uploads\/2025\/06\/Argumentarium_FR.png\" alt=\"argumentaire\" \/>\n                                                                                    <\/div>\n\n                                        <div class=\"download-text-wrapper\">\n                                                                                             <h3 class=\"small mb_0\">argumentaire<\/h3>\n                                             \n                                            \n                                            <div class=\"link-wrapper\">\n                                                <a href=\"https:\/\/hev-senior.bertaeins.ch\/wp-content\/uploads\/2025\/06\/20250617_ARGUMENTAIRE-VALEUR-LOCATIVE.pdf\" download=\"\" class=\"primary-theme-btn\">Download<\/a>\n                                            <\/div>\n                                        <\/div>\n                                    <\/div>\n                                <\/div>\n                                                                                                                <div href=\"https:\/\/hev-senior.bertaeins.ch\/wp-content\/uploads\/2025\/06\/20250603_HEV-Schweiz_Falzfyler_F5_Layout_mitDatum_FR_web.pdf\" class=\"download scrollMagic-block visibleInBackend \" data-uid=\"69e612ec10c79\">\n                                    <div class=\"download-content-wrapper\">\n                                        <div class=\"download-image-wrapper\">\n                                                                                            <img decoding=\"async\" src=\"https:\/\/hev-senior.bertaeins.ch\/wp-content\/uploads\/2025\/06\/Flyer_FR-1.png\" alt=\"d\u00e9pliant\" \/>\n                                                                                    <\/div>\n\n                                        <div class=\"download-text-wrapper\">\n                                                                                             <h3 class=\"small mb_0\">d\u00e9pliant<\/h3>\n                                             \n                                            \n                                            <div class=\"link-wrapper\">\n                                                <a href=\"https:\/\/hev-senior.bertaeins.ch\/wp-content\/uploads\/2025\/06\/20250603_HEV-Schweiz_Falzfyler_F5_Layout_mitDatum_FR_web.pdf\" download=\"\" class=\"primary-theme-btn\">Download<\/a>\n                                            <\/div>\n                                        <\/div>\n                                    <\/div>\n                                <\/div>\n                                                                        <\/div>\n                <\/div>\n            <\/div>\n        <\/section>\n    \n\n\n\n    <section class=\"forms-block block-paddings\" id=\"\">\n        <div class=\"block-bg block-bg-grey\" data-color=\"grey\"><\/div>\n\n        <div class=\"form-content-wrapper\">\n                            <div class=\"title-block-wrapper scrollMagic-block visibleInBackend\" data-uid=\"69e612ec222d2\">\n                    \n                                            <h2 class=\"block-title \">Engageons-nous ensemble !<\/h2>\n                                    <\/div>\n            \n            <div class=\"form-items\">\n                \n                \n                                    <div class=\"form-item scrollMagic-block visibleInBackend delay-0\" data-counter=\"3\" data-uid=\"69e612ec222de\">\n                        <div class=\"form-item-content-wrapper form-item-grey\">\n                            <svg preserveAspectRatio=\"none\" width=\"339px\" height=\"64px\" viewBox=\"0 0 339 64\" version=\"1.1\" xmlns=\"http:\/\/www.w3.org\/2000\/svg\" xmlns:xlink=\"http:\/\/www.w3.org\/1999\/xlink\">\n                                <g id=\"Page-1\" stroke=\"none\" stroke-width=\"1\" fill=\"none\" fill-rule=\"evenodd\">\n                                    <polygon id=\"Path\" fill=\"#ed4d38\" points=\"0.775551163 63.9649856 338.204072 63.9649856 169.489812 0.988581263\"><\/polygon>\n                                <\/g>\n                            <\/svg>\n\n                                                            <h3 class=\"small text-white text-center\">Abonnez-vous \u00e0 la newsletter<\/h3>\n                            \n                            \n                            <div class=\"button-block\">\n                                <a class=\"secondary-theme-btn overlay-open\" href=\"#\" data-type=\"newsletter\" id=\"newsletter-form_overlay\">\n                                    S&rsquo;inscrire maintenant                                <\/a>\n                            <\/div>\n                        <\/div>\n                    <\/div>\n                \n                                                            <div class=\"form-item scrollMagic-block visibleInBackend delay-1\" data-uid=\"69e612ec222e6\">\n                            <div class=\"form-item-content-wrapper form-item-grey\">\n                                <svg preserveAspectRatio=\"none\" width=\"339px\" height=\"64px\" viewBox=\"0 0 339 64\" version=\"1.1\" xmlns=\"http:\/\/www.w3.org\/2000\/svg\" xmlns:xlink=\"http:\/\/www.w3.org\/1999\/xlink\">\n                                    <g id=\"Page-1\" stroke=\"none\" stroke-width=\"1\" fill=\"none\" fill-rule=\"evenodd\">\n                                        <polygon id=\"Path\" fill=\"#ed4d38\" points=\"0.775551163 63.9649856 338.204072 63.9649856 169.489812 0.988581263\"><\/polygon>\n                                    <\/g>\n                                <\/svg>\n\n                                                                    <h3 class=\"small text-white text-center\">Suivez-nous sur les r\u00e9seaux sociaux<\/h3>\n                                \n                                \n                                \n                                                                   <div class=\"social-icons-block\">\n                                                                              <ul>\n            <li>\n            <a href=\"https:\/\/www.facebook.com\/profile.php?id=61576762116724\" target=\"_blank\"  >\n                <i class=\"fa-brands fa-square-facebook\"><\/i>\n            <\/a>\n        <\/li>\n    \n            <li>\n            <a href=\"https:\/\/www.linkedin.com\/company\/impots-%C3%A9quitables\/about\/?viewAsMember=true\" target=\"_blank\"  >\n                <i class=\"fa-brands fa-linkedin\"><\/i>\n            <\/a>\n        <\/li>\n    \n            <li>\n            <a href=\"https:\/\/www.instagram.com\/impots_equitables\/\" target=\"_blank\"  >\n                <i class=\"fa-brands fa-instagram\"><\/i>\n            <\/a>\n        <\/li>\n    \n            <li>\n            <a href=\"https:\/\/x.com\/impots_equit\" target=\"_blank\"  >\n                <i class=\"fa-brands fa-square-x-twitter\"><\/i>\n            <\/a>\n        <\/li>\n    \n    \n    <\/ul>\n                                    <\/div>\n                                                           <\/div>\n                        <\/div>\n                                                <\/div>\n        <\/div>\n    <\/section>\n","protected":false},"excerpt":{"rendered":"<p>Soutenez, vous aussi, la suppression de la valeur locative injuste. Utilisez le mat\u00e9riel de campagne mis \u00e0 disposition et t\u00e9l\u00e9chargez-le. Le mat\u00e9riel en allemand et en italien est disponible en cliquant sur les abr\u00e9viations linguistiques en haut \u00e0 droite.<\/p>\n","protected":false},"author":1,"featured_media":0,"parent":0,"menu_order":0,"comment_status":"closed","ping_status":"closed","template":"","meta":{"_acf_changed":false,"inline_featured_image":false,"footnotes":""},"class_list":["post-795","page","type-page","status-publish","hentry"],"acf":[],"_links":{"self":[{"href":"https:\/\/hev-senior.bertaeins.ch\/fr\/wp-json\/wp\/v2\/pages\/795","targetHints":{"allow":["GET"]}}],"collection":[{"href":"https:\/\/hev-senior.bertaeins.ch\/fr\/wp-json\/wp\/v2\/pages"}],"about":[{"href":"https:\/\/hev-senior.bertaeins.ch\/fr\/wp-json\/wp\/v2\/types\/page"}],"author":[{"embeddable":true,"href":"https:\/\/hev-senior.bertaeins.ch\/fr\/wp-json\/wp\/v2\/users\/1"}],"replies":[{"embeddable":true,"href":"https:\/\/hev-senior.bertaeins.ch\/fr\/wp-json\/wp\/v2\/comments?post=795"}],"version-history":[{"count":46,"href":"https:\/\/hev-senior.bertaeins.ch\/fr\/wp-json\/wp\/v2\/pages\/795\/revisions"}],"predecessor-version":[{"id":5562,"href":"https:\/\/hev-senior.bertaeins.ch\/fr\/wp-json\/wp\/v2\/pages\/795\/revisions\/5562"}],"wp:attachment":[{"href":"https:\/\/hev-senior.bertaeins.ch\/fr\/wp-json\/wp\/v2\/media?parent=795"}],"curies":[{"name":"wp","href":"https:\/\/api.w.org\/{rel}","templated":true}]}}