{"id":264,"date":"2024-02-12T17:31:26","date_gmt":"2024-02-12T16:31:26","guid":{"rendered":"https:\/\/efas.bertaeins.ch\/impressum\/"},"modified":"2025-09-01T09:32:42","modified_gmt":"2025-09-01T07:32:42","slug":"impressum","status":"publish","type":"page","link":"https:\/\/hev-senior.bertaeins.ch\/fr\/impressum\/","title":{"rendered":"Impressum"},"content":{"rendered":"\n<p class=\"has-text-align-left\"><strong>Exploitant du site web<\/strong><br>Comit\u00e9 \u00ab Imp\u00f4ts \u00e9quitables pour les personnes \u00e2g\u00e9es \u00bb\u2028<br>c\/o Association Suisse des A\u00een\u00e9s (ASA)<br>Bureau<br>Grossmorgen 5<br>8840 Einsiedeln<br><a href=\"mailto:info@impots-equitables.ch\">info@impots-equitables.ch<\/a><\/p>\n\n\n\n<p><strong>Concept, Programmation, Traduction et Adaption<br><\/strong>BERTA Kommunikationsplan AG<br>Josefstrasse 212<br>8005 Zurich<br><a href=\"http:\/\/www.bertakomm.ch\">www.bertakomm.ch<\/a><\/p>\n\n\n\n<p class=\"has-text-align-left\"><strong>H\u00e9bergement<\/strong><br>cyon GmbH<br>Aeschengraben 6<br>4051 B\u00e2le<br><a href=\"http:\/\/www.cyon.ch\/\" target=\"_blank\" rel=\"noreferrer noopener\">www.cyon.ch<\/a><\/p>\n","protected":false},"excerpt":{"rendered":"<p>Exploitant du site webComit\u00e9 \u00ab Imp\u00f4ts \u00e9quitables pour les personnes \u00e2g\u00e9es \u00bb\u2028c\/o Association Suisse des A\u00een\u00e9s (ASA)BureauGrossmorgen 58840 Einsiedelninfo@impots-equitables.ch Concept, Programmation, Traduction et AdaptionBERTA Kommunikationsplan AGJosefstrasse 2128005 Zurichwww.bertakomm.ch H\u00e9bergementcyon GmbHAeschengraben 64051 B\u00e2lewww.cyon.ch<\/p>\n","protected":false},"author":1,"featured_media":0,"parent":0,"menu_order":0,"comment_status":"closed","ping_status":"closed","template":"","meta":{"_acf_changed":false,"inline_featured_image":false,"footnotes":""},"class_list":["post-264","page","type-page","status-publish","hentry"],"acf":[],"_links":{"self":[{"href":"https:\/\/hev-senior.bertaeins.ch\/fr\/wp-json\/wp\/v2\/pages\/264","targetHints":{"allow":["GET"]}}],"collection":[{"href":"https:\/\/hev-senior.bertaeins.ch\/fr\/wp-json\/wp\/v2\/pages"}],"about":[{"href":"https:\/\/hev-senior.bertaeins.ch\/fr\/wp-json\/wp\/v2\/types\/page"}],"author":[{"embeddable":true,"href":"https:\/\/hev-senior.bertaeins.ch\/fr\/wp-json\/wp\/v2\/users\/1"}],"replies":[{"embeddable":true,"href":"https:\/\/hev-senior.bertaeins.ch\/fr\/wp-json\/wp\/v2\/comments?post=264"}],"version-history":[{"count":10,"href":"https:\/\/hev-senior.bertaeins.ch\/fr\/wp-json\/wp\/v2\/pages\/264\/revisions"}],"predecessor-version":[{"id":6182,"href":"https:\/\/hev-senior.bertaeins.ch\/fr\/wp-json\/wp\/v2\/pages\/264\/revisions\/6182"}],"wp:attachment":[{"href":"https:\/\/hev-senior.bertaeins.ch\/fr\/wp-json\/wp\/v2\/media?parent=264"}],"curies":[{"name":"wp","href":"https:\/\/api.w.org\/{rel}","templated":true}]}}